{"id":61,"date":"2018-09-28T08:06:47","date_gmt":"2018-09-28T08:06:47","guid":{"rendered":"http:\/\/donatorisanguevalstagna.it\/?page_id=61"},"modified":"2018-09-28T08:09:19","modified_gmt":"2018-09-28T08:09:19","slug":"perche-donare","status":"publish","type":"page","link":"https:\/\/donatorisanguevalstagna.it\/?page_id=61","title":{"rendered":"Perch\u00e8 donare"},"content":{"rendered":"<p style=\"text-align: center;\"><span style=\"font-size: 24pt;\"><strong><span style=\"color: #000000;\">Perch\u00e8 donare il sangue<\/span><\/strong><\/span><\/p>\n<p><span style=\"color: #000000;\"><br class=\"_mce_marker\" \/><\/span><span style=\"color: #000000;\"><strong><span style=\"font-size: 14pt;\">Per gli altri <\/span><\/strong><\/span><\/p>\n<p class=\"imAlign_justify\" style=\"text-align: justify;\"><span style=\"font-size: 12pt;\"><span style=\"color: #000000;\">Donare il sangue pu\u00f2 davvero salvare una vita o addirittura pi\u00f9 vite. Se nessuno lo facesse, molti bambini malati di leucemia non potrebbero sopravvivere, cos\u00ec come le persone in gravi condizioni dopo un incidente. Inoltre, il sangue offerto pu\u00f2 servire ai pazienti che subiscono un&#8217;operazione chirurgica; nel corso di qualsiasi intervento pu\u00f2 diventare necessario, a giudizio del medico anestesista e dei chirurghi, trasfondere al paziente globuli rossi concentrati o plasma o talvolta piastrine.<\/span><\/span><\/p>\n<p class=\"imAlign_justify\" style=\"text-align: center;\"><span style=\"color: #000000;\"><img loading=\"lazy\" decoding=\"async\" class=\"alignnone  wp-image-64\" src=\"https:\/\/donatorisanguevalstagna.it\/wp-content\/uploads\/2018\/09\/p007_1_01-300x140.jpg\" alt=\"\" width=\"429\" height=\"200\" srcset=\"https:\/\/donatorisanguevalstagna.it\/wp-content\/uploads\/2018\/09\/p007_1_01-300x140.jpg 300w, https:\/\/donatorisanguevalstagna.it\/wp-content\/uploads\/2018\/09\/p007_1_01.jpg 472w\" sizes=\"auto, (max-width: 429px) 100vw, 429px\" \/><\/span><\/p>\n<p class=\"imAlign_left\"><strong><span style=\"font-size: 14pt;\"><span style=\"color: #000000;\">Per te stesso<\/span><\/span><\/strong><\/p>\n<p class=\"imAlign_justify\" style=\"text-align: justify;\"><span style=\"font-size: 12pt;\"><span style=\"color: #000000;\">Donare sangue periodicamente garantisce a noi, donatori potenziali, un controllo costante del nostro stato di salute, attraverso visite sanitarie e accurati esami di laboratorio. Abbiamo cos\u00ec la possibilit\u00e0 di conoscere il nostro organismo e di vivere con maggiore tranquillit\u00e0, sapendo che una buona diagnosi precoce eviter\u00e0 l&#8217;aggravarsi di disturbi latenti.<\/span><\/span><\/p>\n<p class=\"imAlign_right\"><span style=\"color: #000000;\">\u00a0<\/span><\/p>\n<p class=\"imAlign_justify\"><span style=\"color: #000000;\"><strong><span style=\"font-size: 14pt;\">Contro la speculazione<\/span><\/strong><\/span><\/p>\n<p class=\"imAlign_justify\" style=\"text-align: justify;\"><span style=\"font-size: 12pt;\"><span style=\"color: #000000;\">Il fabbisogno nazionale di sangue intero, secondo le indicazioni dell&#8217;Istituto Superiore di Sanit\u00e0, \u00e8 calcolato in 2.300.000 unit\u00e0, mentre quello del plasma \u00e8 di 850.000 litri.Per raggiungere queste cifre i donatori dovrebbero essere almeno 1.300.000. Siamo ancora molto lontani da questa cifra e perci\u00f2 dall&#8217;autosufficienza, specie per i plasmaderivati. Per coprire il fabbisogno \u00e8 necessario ricorrere all&#8217;importazione di plasma e di emoderivati che non sempre sono ottenuti da donatori volontari periodici.<\/span><\/span><\/p>\n<p class=\"imAlign_justify\" style=\"text-align: center;\"><span style=\"color: #000000;\"><img loading=\"lazy\" decoding=\"async\" class=\"alignnone  wp-image-65\" src=\"https:\/\/donatorisanguevalstagna.it\/wp-content\/uploads\/2018\/09\/p007_1_00-300x154.jpg\" alt=\"\" width=\"329\" height=\"169\" srcset=\"https:\/\/donatorisanguevalstagna.it\/wp-content\/uploads\/2018\/09\/p007_1_00-300x154.jpg 300w, https:\/\/donatorisanguevalstagna.it\/wp-content\/uploads\/2018\/09\/p007_1_00.jpg 472w\" sizes=\"auto, (max-width: 329px) 100vw, 329px\" \/><\/span><\/p>\n<p class=\"imAlign_left\"><strong><span style=\"font-size: 14pt;\"><span style=\"color: #000000;\">Perch\u00e8 d&#8217;estate c&#8217;\u00e8 pi\u00f9 bisogno<\/span><\/span><\/strong><\/p>\n<p class=\"imAlign_right\" style=\"text-align: justify;\"><span style=\"font-size: 12pt;\"><span style=\"color: #000000;\">\u00a0<\/span><span style=\"color: #000000;\">Soprattutto nel periodo estivo si avverte un calo di donazioni, mentre il bisogno di sangue aumenta, anche per il maggior flusso di turisti e per il fabbisogno di servizi come, ad esempio, l&#8217;alta chirurgia e i trapianti.<\/span><\/span><\/p>\n","protected":false},"excerpt":{"rendered":"<p>Perch\u00e8 donare il sangue Per gli altri Donare il sangue pu\u00f2 davvero salvare una vita o addirittura pi\u00f9 vite. Se nessuno lo facesse, molti bambini&hellip;<\/p>\n","protected":false},"author":1,"featured_media":0,"parent":0,"menu_order":0,"comment_status":"closed","ping_status":"closed","template":"","meta":{"footnotes":""},"class_list":["post-61","page","type-page","status-publish","hentry"],"_links":{"self":[{"href":"https:\/\/donatorisanguevalstagna.it\/index.php?rest_route=\/wp\/v2\/pages\/61","targetHints":{"allow":["GET"]}}],"collection":[{"href":"https:\/\/donatorisanguevalstagna.it\/index.php?rest_route=\/wp\/v2\/pages"}],"about":[{"href":"https:\/\/donatorisanguevalstagna.it\/index.php?rest_route=\/wp\/v2\/types\/page"}],"author":[{"embeddable":true,"href":"https:\/\/donatorisanguevalstagna.it\/index.php?rest_route=\/wp\/v2\/users\/1"}],"replies":[{"embeddable":true,"href":"https:\/\/donatorisanguevalstagna.it\/index.php?rest_route=%2Fwp%2Fv2%2Fcomments&post=61"}],"version-history":[{"count":3,"href":"https:\/\/donatorisanguevalstagna.it\/index.php?rest_route=\/wp\/v2\/pages\/61\/revisions"}],"predecessor-version":[{"id":111,"href":"https:\/\/donatorisanguevalstagna.it\/index.php?rest_route=\/wp\/v2\/pages\/61\/revisions\/111"}],"wp:attachment":[{"href":"https:\/\/donatorisanguevalstagna.it\/index.php?rest_route=%2Fwp%2Fv2%2Fmedia&parent=61"}],"curies":[{"name":"wp","href":"https:\/\/api.w.org\/{rel}","templated":true}]}}